{"id":84,"date":"2010-09-20T21:09:55","date_gmt":"2010-09-20T21:09:55","guid":{"rendered":"http:\/\/www.blog.ismus.ch\/wordpress\/?page_id=84"},"modified":"2012-04-20T09:41:06","modified_gmt":"2012-04-20T09:41:06","slug":"karten","status":"publish","type":"page","link":"http:\/\/blog.ismus.ch\/wordpress\/karten\/","title":{"rendered":"Georgien"},"content":{"rendered":"<p>Die nachstehende Karte gibt nur einen groben \u00dcberblick \u00fcber die wichtigsten St\u00e4dte und Regionen Georgiens.<\/p>\n<p><a href=\"http:\/\/www.blog.ismus.ch\/wordpress\/wp-content\/uploads\/2010\/09\/2000px-Georgia_topographic_map-de_svg.png\"><img loading=\"lazy\" decoding=\"async\" class=\"alignnone size-large wp-image-85\" title=\"2000px-Georgia_topographic_map-de_svg\" src=\"http:\/\/www.blog.ismus.ch\/wordpress\/wp-content\/uploads\/2010\/09\/2000px-Georgia_topographic_map-de_svg-1024x557.png\" alt=\"\" width=\"640\" height=\"348\" srcset=\"http:\/\/blog.ismus.ch\/wordpress\/wp-content\/uploads\/2010\/09\/2000px-Georgia_topographic_map-de_svg-1024x557.png 1024w, http:\/\/blog.ismus.ch\/wordpress\/wp-content\/uploads\/2010\/09\/2000px-Georgia_topographic_map-de_svg-300x163.png 300w, http:\/\/blog.ismus.ch\/wordpress\/wp-content\/uploads\/2010\/09\/2000px-Georgia_topographic_map-de_svg.png 2000w\" sizes=\"auto, (max-width: 640px) 100vw, 640px\" \/><\/a><\/p>\n","protected":false},"excerpt":{"rendered":"<p>Die nachstehende Karte gibt nur einen groben \u00dcberblick \u00fcber die wichtigsten St\u00e4dte und Regionen Georgiens.<\/p>\n","protected":false},"author":2,"featured_media":0,"parent":0,"menu_order":0,"comment_status":"open","ping_status":"open","template":"","meta":{"footnotes":""},"class_list":["post-84","page","type-page","status-publish","hentry"],"_links":{"self":[{"href":"http:\/\/blog.ismus.ch\/wordpress\/wp-json\/wp\/v2\/pages\/84","targetHints":{"allow":["GET"]}}],"collection":[{"href":"http:\/\/blog.ismus.ch\/wordpress\/wp-json\/wp\/v2\/pages"}],"about":[{"href":"http:\/\/blog.ismus.ch\/wordpress\/wp-json\/wp\/v2\/types\/page"}],"author":[{"embeddable":true,"href":"http:\/\/blog.ismus.ch\/wordpress\/wp-json\/wp\/v2\/users\/2"}],"replies":[{"embeddable":true,"href":"http:\/\/blog.ismus.ch\/wordpress\/wp-json\/wp\/v2\/comments?post=84"}],"version-history":[{"count":12,"href":"http:\/\/blog.ismus.ch\/wordpress\/wp-json\/wp\/v2\/pages\/84\/revisions"}],"predecessor-version":[{"id":759,"href":"http:\/\/blog.ismus.ch\/wordpress\/wp-json\/wp\/v2\/pages\/84\/revisions\/759"}],"wp:attachment":[{"href":"http:\/\/blog.ismus.ch\/wordpress\/wp-json\/wp\/v2\/media?parent=84"}],"curies":[{"name":"wp","href":"https:\/\/api.w.org\/{rel}","templated":true}]}}