{"id":9,"date":"2012-06-26T20:53:23","date_gmt":"2012-06-26T20:53:23","guid":{"rendered":"http:\/\/blog.ismus.ch\/wordpress\/pamir2012\/?page_id=9"},"modified":"2012-08-26T13:55:42","modified_gmt":"2012-08-26T13:55:42","slug":"aktuelle-nachrichten","status":"publish","type":"page","link":"http:\/\/blog.ismus.ch\/wordpress\/pamir2012\/aktuelle-nachrichten\/","title":{"rendered":"Aktuelle Nachrichten"},"content":{"rendered":"<p><strong>Bishkek , Sonntag, 26. 08. 2012:<br \/>\n<\/strong>Retos Geburtstag haben wir mit einem\u00a0improvisierten\u00a0Nudelgericht und einer Flasche moldavischen Rotweins gefeiert.<br \/>\nDie Velos sind verpackt, das restliche Gep\u00e4ck steht ebenfalls bereit und das Taxi zum Flughafen f\u00fcr morgen fr\u00fch ist organisiert.<br \/>\nWenn alles klappt, sind wir am Montagabend schon zuhause. Wir freuen uns sehr auf die Heimkehr.<\/p>\n<p><strong>Bishkek (Kirgistan), Samstag, 18. 08. 2012:<br \/>\n<\/strong>Nach den anstrengenden und nicht sehr befriedigenden Abstechern nach Arslanbob und Sary Chelek musste ich mir eingestehen, dass ich bei der aktuellen Hitze einfach nicht mehr die Kraft zum Velofahren habe. Dazu kommen kleinere gesundheitliche Probleme, die mich zum Aufgeben bewegt haben. In Tash Kom\u00fcr haben wir gestern die Velos auf ein &#8220;Taxi&#8221; verladen und uns f\u00fcr die letzten ca. 500 km \u00fcber zwei sch\u00f6ne 3&#8217;000er-P\u00e4sse und durch eindr\u00fcckliche Landschaften chauffieren lassen. Jetzt sind wir in Bishkek und planen unsere Heimkehr.<br \/>\nP.S.: Es hat eine neue Seite mit <a title=\"Ausflug zum Zorkul, weit ab vom \u201cHighway\u201d M41\" href=\"http:\/\/blog.ismus.ch\/wordpress\/pamir2012\/2012\/08\/02\/ausflug-zum-zorkul-weit-ab-vom-highway-m41\/\" target=\"_blank\">Bildern vom Ausflug<\/a> zum Zorkulsee.\u00a0\u00a0Jetzt sind endlich auch die\u00a0\u00fcbrigen Bilder zum <a title=\"Abschied vom Pamir\" href=\"http:\/\/blog.ismus.ch\/wordpress\/pamir2012\/2012\/08\/01\/abschied-vom-pamir\/\" target=\"_blank\">letzten Post<\/a> eingef\u00fcgt (&#8230; die Internetverbindung im Sakura-Guesthouse ist schlecht und sehr langsam).<\/p>\n<p><strong>Osh (Kirgistan), Dienstag, 07. 08. 2012:<br \/>\n<\/strong>Morgen fahren wir weiter. Mein Hexenschuss ist einigermassen ausgeheilt, und meinen Bericht ueber die letzten Tage im Pamir habe ich hochladen koennen. Allerdings fehlen noch die Fotos; die folgen, wenn wir wieder gute Internetverbindung und mehr Zeit haben.<br \/>\nUnser erstes Ziel ist Jalal Abad. Dann gehts zu einem riesisgen Walnussreservat in den Bergen, weiter vielleicht nach Sary Chelek, Toktogul, Talas, &#8230; wir haben jetzt viel Zeit und sehnen uns nach etwas Abkuehlung und Ruhe.<\/p>\n<p><strong>Osh (Kirgistan), Sonntag 05. 08. 2012:<br \/>\n<\/strong>Gestern sind wir in Osh angekommen. Aus Murghab in Tadschikistan konnten wir uns leider nicht melden, da alle Internet- und Mobilfunkverbindungen im Pamir unterbrochen waren. Der Unterbruch der Kommunikation wurde von der Regierung als Massnahme auf den Ausbruch von Unruhen in Khorog angeordnet. Was dort genau passiert ist, wissen wir nur ansatzweise. Unsere Reise durch den Pamir konnten wir anf\u00e4nglich wie geplant fortsetzten, als wir jedoch in Karakol in der N\u00e4he zur kirgisischen Grenze angelangt waren, wurden wir von einer Milit\u00e4rpatrouille aufgegriffen und zur Grenze gebracht &#8211; ein Schiksal, das alle Ausl\u00e4nder im Pamir betroffen hat.<br \/>\nNach einer dreit\u00e4gigen Fahrt ab der Grenze sind wir in Osh angelangt, wo wir ein paar Ruhetage verbringen werden und hoffentlich unseren Blog aufdatieren k\u00f6nnen.<\/p>\n<p><strong>Khorog (Tadschikistan), Samstag, 14.07.2012:<br \/>\n<\/strong>Nachdem wir uns in Khorog von den Strapazen der Hinfahrt erholt haben, werden wir morgen Sonntag weiter Richtung Pamir-Hochland fahren. Dieses Jahr w\u00e4hlen wir den Weg durch das Wakhan-Tal. Es wird anstrengender werden als voriges Mal, da der Weg \u00fcber den Khargush-Pass streckenweise sehr steil und sandig ist. Daf\u00fcr werden wir hoffentlich mit sehr sch\u00f6nen D\u00f6rfern und Aussicht auf den Hindukush belohnt werden. Erst in Murghab werden wir wieder Internetzugang haben, d.h. in etwa zwei Wochen.<\/p>\n<p>&nbsp;<\/p>\n","protected":false},"excerpt":{"rendered":"<p>Bishkek , Sonntag, 26. 08. 2012: Retos Geburtstag haben wir mit einem\u00a0improvisierten\u00a0Nudelgericht und einer Flasche moldavischen Rotweins gefeiert. Die Velos sind verpackt, das restliche Gep\u00e4ck steht ebenfalls bereit und das Taxi zum Flughafen f\u00fcr morgen fr\u00fch ist organisiert. Wenn alles &hellip; <a href=\"http:\/\/blog.ismus.ch\/wordpress\/pamir2012\/aktuelle-nachrichten\/\">Continue reading <span class=\"meta-nav\">&rarr;<\/span><\/a><\/p>\n","protected":false},"author":3,"featured_media":80,"parent":0,"menu_order":0,"comment_status":"open","ping_status":"open","template":"","meta":{"footnotes":""},"class_list":["post-9","page","type-page","status-publish","has-post-thumbnail","hentry"],"_links":{"self":[{"href":"http:\/\/blog.ismus.ch\/wordpress\/pamir2012\/wp-json\/wp\/v2\/pages\/9","targetHints":{"allow":["GET"]}}],"collection":[{"href":"http:\/\/blog.ismus.ch\/wordpress\/pamir2012\/wp-json\/wp\/v2\/pages"}],"about":[{"href":"http:\/\/blog.ismus.ch\/wordpress\/pamir2012\/wp-json\/wp\/v2\/types\/page"}],"author":[{"embeddable":true,"href":"http:\/\/blog.ismus.ch\/wordpress\/pamir2012\/wp-json\/wp\/v2\/users\/3"}],"replies":[{"embeddable":true,"href":"http:\/\/blog.ismus.ch\/wordpress\/pamir2012\/wp-json\/wp\/v2\/comments?post=9"}],"version-history":[{"count":14,"href":"http:\/\/blog.ismus.ch\/wordpress\/pamir2012\/wp-json\/wp\/v2\/pages\/9\/revisions"}],"predecessor-version":[{"id":27,"href":"http:\/\/blog.ismus.ch\/wordpress\/pamir2012\/wp-json\/wp\/v2\/pages\/9\/revisions\/27"}],"wp:featuredmedia":[{"embeddable":true,"href":"http:\/\/blog.ismus.ch\/wordpress\/pamir2012\/wp-json\/wp\/v2\/media\/80"}],"wp:attachment":[{"href":"http:\/\/blog.ismus.ch\/wordpress\/pamir2012\/wp-json\/wp\/v2\/media?parent=9"}],"curies":[{"name":"wp","href":"https:\/\/api.w.org\/{rel}","templated":true}]}}