{"id":446,"date":"2011-04-24T19:43:00","date_gmt":"2011-04-24T19:43:00","guid":{"rendered":"http:\/\/blog.ismus.ch\/wordpress\/iran\/?page_id=446"},"modified":"2011-10-25T15:40:17","modified_gmt":"2011-10-25T15:40:17","slug":"fotos","status":"publish","type":"page","link":"http:\/\/blog.ismus.ch\/wordpress\/iran\/fotos\/","title":{"rendered":"Fotos"},"content":{"rendered":"<p>Weitere Bilder von der <a title=\"Bakhtiyari-Hochzeit\" href=\"http:\/\/blog.ismus.ch\/wordpress\/iran\/fotos\/bakhtiyari-hochzeit\/\" target=\"_blank\">Bakhtiyari-Hochzeit<\/a>.<\/p>\n<p>Bilder von <a title=\"Esfahan\" href=\"http:\/\/blog.ismus.ch\/wordpress\/iran\/fotos\/esfahan\/\">Isfahan<\/a>.<\/p>\n<p>Bilder von <a title=\"Persepolis\" href=\"http:\/\/blog.ismus.ch\/wordpress\/iran\/fotos\/persepolis\/\" target=\"_blank\">Persepolis<\/a>.<\/p>\n<p>Bilder von unserem Picknick in der W\u00fcste mit unseren Freunden von Shahr-e-Babak:<a title=\"Shahr-e-Babak (Portraits)\" href=\"http:\/\/blog.ismus.ch\/wordpress\/iran\/fotos\/shahr-e-babak\/\"><br \/>\nPortraits<\/a><br \/>\nPicknick (nicht mehr vorhanden)<\/p>\n<p>Wenn man auf ein einzelnes Bild klickt, kann man es gr\u00f6sser anschauen und von dort zum n\u00e4chsten bl\u00e4ttern.<\/p>\n","protected":false},"excerpt":{"rendered":"<p>Weitere Bilder von der Bakhtiyari-Hochzeit. Bilder von Isfahan. Bilder von Persepolis. Bilder von unserem Picknick in der W\u00fcste mit unseren Freunden von Shahr-e-Babak: Portraits Picknick (nicht mehr vorhanden) Wenn man auf ein einzelnes Bild klickt, kann man es gr\u00f6sser anschauen &hellip; <a href=\"http:\/\/blog.ismus.ch\/wordpress\/iran\/fotos\/\">Continue reading <span class=\"meta-nav\">&rarr;<\/span><\/a><\/p>\n","protected":false},"author":2,"featured_media":521,"parent":0,"menu_order":0,"comment_status":"open","ping_status":"open","template":"","meta":{"footnotes":""},"class_list":["post-446","page","type-page","status-publish","has-post-thumbnail","hentry"],"_links":{"self":[{"href":"http:\/\/blog.ismus.ch\/wordpress\/iran\/wp-json\/wp\/v2\/pages\/446","targetHints":{"allow":["GET"]}}],"collection":[{"href":"http:\/\/blog.ismus.ch\/wordpress\/iran\/wp-json\/wp\/v2\/pages"}],"about":[{"href":"http:\/\/blog.ismus.ch\/wordpress\/iran\/wp-json\/wp\/v2\/types\/page"}],"author":[{"embeddable":true,"href":"http:\/\/blog.ismus.ch\/wordpress\/iran\/wp-json\/wp\/v2\/users\/2"}],"replies":[{"embeddable":true,"href":"http:\/\/blog.ismus.ch\/wordpress\/iran\/wp-json\/wp\/v2\/comments?post=446"}],"version-history":[{"count":12,"href":"http:\/\/blog.ismus.ch\/wordpress\/iran\/wp-json\/wp\/v2\/pages\/446\/revisions"}],"predecessor-version":[{"id":1840,"href":"http:\/\/blog.ismus.ch\/wordpress\/iran\/wp-json\/wp\/v2\/pages\/446\/revisions\/1840"}],"wp:featuredmedia":[{"embeddable":true,"href":"http:\/\/blog.ismus.ch\/wordpress\/iran\/wp-json\/wp\/v2\/media\/521"}],"wp:attachment":[{"href":"http:\/\/blog.ismus.ch\/wordpress\/iran\/wp-json\/wp\/v2\/media?parent=446"}],"curies":[{"name":"wp","href":"https:\/\/api.w.org\/{rel}","templated":true}]}}